{"id":6677,"date":"2025-12-11T12:25:04","date_gmt":"2025-12-11T11:25:04","guid":{"rendered":"https:\/\/www.daodeficiencyinstitute.com\/contacto\/"},"modified":"2026-02-16T12:40:49","modified_gmt":"2026-02-16T11:40:49","slug":"contacto","status":"publish","type":"page","link":"https:\/\/www.daodeficiencyinstitute.com\/es\/contacto\/","title":{"rendered":"Contacto"},"content":{"rendered":"\t\t<div data-elementor-type=\"wp-page\" data-elementor-id=\"6677\" class=\"elementor elementor-6677 elementor-41\" data-elementor-post-type=\"page\">\n\t\t\t\t<div class=\"elementor-element elementor-element-29b06e7 e-flex e-con-boxed e-con e-parent\" data-id=\"29b06e7\" data-element_type=\"container\" data-e-type=\"container\" data-settings=\"{&quot;background_background&quot;:&quot;classic&quot;}\">\n\t\t\t\t\t<div class=\"e-con-inner\">\n\t\t\t\t<div class=\"elementor-element elementor-element-0d687dc elementor-widget elementor-widget-heading\" data-id=\"0d687dc\" data-element_type=\"widget\" data-e-type=\"widget\" data-widget_type=\"heading.default\">\n\t\t\t\t\t<h1 class=\"elementor-heading-title elementor-size-default\">Contacto<\/h1>\t\t\t\t<\/div>\n\t\t\t\t<div class=\"elementor-element elementor-element-9f1fe0d elementor-widget elementor-widget-heading\" data-id=\"9f1fe0d\" data-element_type=\"widget\" data-e-type=\"widget\" data-widget_type=\"heading.default\">\n\t\t\t\t\t<h2 class=\"elementor-heading-title elementor-size-default\">\u00bfNecesitas m\u00e1s informaci\u00f3n?<\/h2>\t\t\t\t<\/div>\n\t\t\t\t<div class=\"elementor-element elementor-element-207f34f elementor-widget elementor-widget-text-editor\" data-id=\"207f34f\" data-element_type=\"widget\" data-e-type=\"widget\" data-widget_type=\"text-editor.default\">\n\t\t\t\t\t\t\t\t\t<p>Escr\u00edbenos y te contestaremos lo antes posible.<\/p>\t\t\t\t\t\t\t\t<\/div>\n\t\t\t\t<div class=\"elementor-element elementor-element-8977b37 elementor-widget__width-initial elementor-widget elementor-widget-form\" data-id=\"8977b37\" data-element_type=\"widget\" data-e-type=\"widget\" data-settings=\"{&quot;step_next_label&quot;:&quot;Siguiente&quot;,&quot;step_previous_label&quot;:&quot;Anterior&quot;,&quot;button_width&quot;:&quot;100&quot;,&quot;step_type&quot;:&quot;number_text&quot;,&quot;step_icon_shape&quot;:&quot;circle&quot;}\" data-widget_type=\"form.default\">\n\t\t\t\t\t\t\t<form class=\"elementor-form\" method=\"post\" name=\"Nuevo formulario\" aria-label=\"Nuevo formulario\">\n\t\t\t<input type=\"hidden\" name=\"post_id\" value=\"6677\"\/>\n\t\t\t<input type=\"hidden\" name=\"form_id\" value=\"8977b37\"\/>\n\t\t\t<input type=\"hidden\" name=\"referer_title\" value=\"Contacto - D\u00e9ficit de DAO\" \/>\n\n\t\t\t\t\t\t\t<input type=\"hidden\" name=\"queried_id\" value=\"6677\"\/>\n\t\t\t\n\t\t\t<div class=\"elementor-form-fields-wrapper elementor-labels-\">\n\t\t\t\t\t\t\t\t<div class=\"elementor-field-type-text elementor-field-group elementor-column elementor-field-group-f_name elementor-col-100\">\n\t\t\t\t\t\t\t\t\t\t\t\t<label for=\"form-field-f_name\" class=\"elementor-field-label elementor-screen-only\">\n\t\t\t\t\t\t\t\tNombre\t\t\t\t\t\t\t<\/label>\n\t\t\t\t\t\t\t\t\t\t\t\t\t\t<input size=\"1\" type=\"text\" name=\"form_fields[f_name]\" id=\"form-field-f_name\" class=\"elementor-field elementor-size-sm  elementor-field-textual\" placeholder=\"Nombre\">\n\t\t\t\t\t\t\t\t\t\t\t<\/div>\n\t\t\t\t\t\t\t\t<div class=\"elementor-field-type-text elementor-field-group elementor-column elementor-field-group-l_name elementor-col-100 elementor-field-required\">\n\t\t\t\t\t\t\t\t\t\t\t\t<label for=\"form-field-l_name\" class=\"elementor-field-label elementor-screen-only\">\n\t\t\t\t\t\t\t\tApellido\t\t\t\t\t\t\t<\/label>\n\t\t\t\t\t\t\t\t\t\t\t\t\t\t<input size=\"1\" type=\"text\" name=\"form_fields[l_name]\" id=\"form-field-l_name\" class=\"elementor-field elementor-size-sm  elementor-field-textual\" placeholder=\"Apellido\" required=\"required\">\n\t\t\t\t\t\t\t\t\t\t\t<\/div>\n\t\t\t\t\t\t\t\t<div class=\"elementor-field-type-email elementor-field-group elementor-column elementor-field-group-email elementor-col-50 elementor-field-required\">\n\t\t\t\t\t\t\t\t\t\t\t\t<label for=\"form-field-email\" class=\"elementor-field-label elementor-screen-only\">\n\t\t\t\t\t\t\t\tCorreo electr\u00f3nico\t\t\t\t\t\t\t<\/label>\n\t\t\t\t\t\t\t\t\t\t\t\t\t\t<input size=\"1\" type=\"email\" name=\"form_fields[email]\" id=\"form-field-email\" class=\"elementor-field elementor-size-sm  elementor-field-textual\" placeholder=\"Correo electr\u00f3nico\" required=\"required\">\n\t\t\t\t\t\t\t\t\t\t\t<\/div>\n\t\t\t\t\t\t\t\t<div class=\"elementor-field-type-text elementor-field-group elementor-column elementor-field-group-phone elementor-col-50 elementor-field-required\">\n\t\t\t\t\t\t\t\t\t\t\t\t<label for=\"form-field-phone\" class=\"elementor-field-label elementor-screen-only\">\n\t\t\t\t\t\t\t\tTel\u00e9fono (Usa un n\u00famero del mismo pa\u00eds de la entrega)\t\t\t\t\t\t\t<\/label>\n\t\t\t\t\t\t\t\t\t\t\t\t\t\t<input size=\"1\" type=\"text\" name=\"form_fields[phone]\" id=\"form-field-phone\" class=\"elementor-field elementor-size-sm  elementor-field-textual\" placeholder=\"Tel\u00e9fono (Usa un n\u00famero del mismo pa\u00eds de la entrega)\" required=\"required\">\n\t\t\t\t\t\t\t\t\t\t\t<\/div>\n\t\t\t\t\t\t\t\t<div class=\"elementor-field-type-textarea elementor-field-group elementor-column elementor-field-group-message elementor-col-100\">\n\t\t\t\t\t\t\t\t\t\t\t\t<label for=\"form-field-message\" class=\"elementor-field-label elementor-screen-only\">\n\t\t\t\t\t\t\t\tMensaje\t\t\t\t\t\t\t<\/label>\n\t\t\t\t\t\t<textarea class=\"elementor-field-textual elementor-field  elementor-size-sm\" name=\"form_fields[message]\" id=\"form-field-message\" rows=\"5\" placeholder=\"Mensaje\"><\/textarea>\t\t\t\t<\/div>\n\t\t\t\t\t\t\t\t<div class=\"elementor-field-type-acceptance elementor-field-group elementor-column elementor-field-group-politicas elementor-col-100\">\n\t\t\t\t\t\t\t<div class=\"elementor-field-subgroup\">\n\t\t\t<span class=\"elementor-field-option\">\n\t\t\t\t<input type=\"checkbox\" name=\"form_fields[politicas]\" id=\"form-field-politicas\" class=\"elementor-field elementor-size-sm  elementor-acceptance-field\">\n\t\t\t\t<label for=\"form-field-politicas\">Acepto la Pol\u00edtica de Privacidad<\/label>\t\t\t<\/span>\n\t\t<\/div>\n\t\t\t\t\t\t<\/div>\n\t\t\t\t\t\t\t\t<div class=\"elementor-field-type-recaptcha_v3 elementor-field-group elementor-column elementor-field-group-field_a30a6f0 elementor-col-100 recaptcha_v3-bottomright\">\n\t\t\t\t\t<div class=\"elementor-field\" id=\"form-field-field_a30a6f0\"><div class=\"elementor-g-recaptcha\" data-sitekey=\"6LdvHmAmAAAAAMN6gFHe7woRLPnaBicEMqowx8e_\" data-type=\"v3\" data-action=\"Form\" data-badge=\"bottomright\" data-size=\"invisible\"><\/div><\/div>\t\t\t\t<\/div>\n\t\t\t\t\t\t\t\t<div class=\"elementor-field-group elementor-column elementor-field-type-submit elementor-col-100 e-form__buttons\">\n\t\t\t\t\t<button class=\"elementor-button elementor-size-md\" type=\"submit\">\n\t\t\t\t\t\t<span class=\"elementor-button-content-wrapper\">\n\t\t\t\t\t\t\t\t\t\t\t\t\t\t\t\t\t\t\t\t\t\t<span class=\"elementor-button-text\">Enviar<\/span>\n\t\t\t\t\t\t\t\t\t\t\t\t\t<\/span>\n\t\t\t\t\t<\/button>\n\t\t\t\t<\/div>\n\t\t\t<\/div>\n\t\t<\/form>\n\t\t\t\t\t\t<\/div>\n\t\t\t\t<div class=\"elementor-element elementor-element-547aacf elementor-widget elementor-widget-spacer\" data-id=\"547aacf\" data-element_type=\"widget\" data-e-type=\"widget\" data-widget_type=\"spacer.default\">\n\t\t\t\t\t\t\t<div class=\"elementor-spacer\">\n\t\t\t<div class=\"elementor-spacer-inner\"><\/div>\n\t\t<\/div>\n\t\t\t\t\t\t<\/div>\n\t\t\t\t\t<\/div>\n\t\t\t\t<\/div>\n\t\t\t\t<\/div>\n\t\t","protected":false},"excerpt":{"rendered":"<p>\u00bfNecesitas m\u00e1s informaci\u00f3n? Escr\u00edbenos y te contestaremos lo antes posible.<\/p>\n","protected":false},"author":2,"featured_media":0,"parent":0,"menu_order":0,"comment_status":"closed","ping_status":"closed","template":"","meta":{"_acf_changed":false,"_monsterinsights_skip_tracking":false,"_monsterinsights_sitenote_active":false,"_monsterinsights_sitenote_note":"","_monsterinsights_sitenote_category":0,"footnotes":""},"class_list":["post-6677","page","type-page","status-publish","hentry"],"acf":[],"yoast_head":"<!-- This site is optimized with the Yoast SEO plugin v26.9 - https:\/\/yoast.com\/product\/yoast-seo-wordpress\/ -->\n<title>Contacto - D\u00e9ficit de DAO<\/title>\n<meta name=\"robots\" content=\"index, follow, max-snippet:-1, max-image-preview:large, max-video-preview:-1\" \/>\n<link rel=\"canonical\" href=\"https:\/\/www.daodeficiencyinstitute.com\/es\/contacto\/\" \/>\n<meta property=\"og:locale\" content=\"es_ES\" \/>\n<meta property=\"og:type\" content=\"article\" \/>\n<meta property=\"og:title\" content=\"Contacto - D\u00e9ficit de DAO\" \/>\n<meta property=\"og:description\" content=\"\u00bfNecesitas m\u00e1s informaci\u00f3n? Escr\u00edbenos y te contestaremos lo antes posible.\" \/>\n<meta property=\"og:url\" content=\"https:\/\/www.daodeficiencyinstitute.com\/es\/contacto\/\" \/>\n<meta property=\"og:site_name\" content=\"D\u00e9ficit de DAO\" \/>\n<meta property=\"article:modified_time\" content=\"2026-02-16T11:40:49+00:00\" \/>\n<meta name=\"twitter:card\" content=\"summary_large_image\" \/>\n<script type=\"application\/ld+json\" class=\"yoast-schema-graph\">{\"@context\":\"https:\/\/schema.org\",\"@graph\":[{\"@type\":\"WebPage\",\"@id\":\"https:\/\/www.daodeficiencyinstitute.com\/es\/contacto\/\",\"url\":\"https:\/\/www.daodeficiencyinstitute.com\/es\/contacto\/\",\"name\":\"Contacto - D\u00e9ficit de DAO\",\"isPartOf\":{\"@id\":\"https:\/\/www.daodeficiencyinstitute.com\/es\/#website\"},\"datePublished\":\"2025-12-11T11:25:04+00:00\",\"dateModified\":\"2026-02-16T11:40:49+00:00\",\"breadcrumb\":{\"@id\":\"https:\/\/www.daodeficiencyinstitute.com\/es\/contacto\/#breadcrumb\"},\"inLanguage\":\"es\",\"potentialAction\":[{\"@type\":\"ReadAction\",\"target\":[\"https:\/\/www.daodeficiencyinstitute.com\/es\/contacto\/\"]}]},{\"@type\":\"BreadcrumbList\",\"@id\":\"https:\/\/www.daodeficiencyinstitute.com\/es\/contacto\/#breadcrumb\",\"itemListElement\":[{\"@type\":\"ListItem\",\"position\":1,\"name\":\"Home\",\"item\":\"https:\/\/www.daodeficiencyinstitute.com\/es\/\"},{\"@type\":\"ListItem\",\"position\":2,\"name\":\"Contacto\"}]},{\"@type\":\"WebSite\",\"@id\":\"https:\/\/www.daodeficiencyinstitute.com\/es\/#website\",\"url\":\"https:\/\/www.daodeficiencyinstitute.com\/es\/\",\"name\":\"International Institute of DAO deficiency\",\"description\":\"International Institute of DAO Deficiency\",\"publisher\":{\"@id\":\"https:\/\/www.daodeficiencyinstitute.com\/es\/#organization\"},\"potentialAction\":[{\"@type\":\"SearchAction\",\"target\":{\"@type\":\"EntryPoint\",\"urlTemplate\":\"https:\/\/www.daodeficiencyinstitute.com\/es\/?s={search_term_string}\"},\"query-input\":{\"@type\":\"PropertyValueSpecification\",\"valueRequired\":true,\"valueName\":\"search_term_string\"}}],\"inLanguage\":\"es\"},{\"@type\":\"Organization\",\"@id\":\"https:\/\/www.daodeficiencyinstitute.com\/es\/#organization\",\"name\":\"International Institute of DAO Deficiency\",\"url\":\"https:\/\/www.daodeficiencyinstitute.com\/es\/\",\"logo\":{\"@type\":\"ImageObject\",\"inLanguage\":\"es\",\"@id\":\"https:\/\/www.daodeficiencyinstitute.com\/es\/#\/schema\/logo\/image\/\",\"url\":\"https:\/\/www.daodeficiencyinstitute.com\/wp-content\/uploads\/dao-institute-logo-1.svg\",\"contentUrl\":\"https:\/\/www.daodeficiencyinstitute.com\/wp-content\/uploads\/dao-institute-logo-1.svg\",\"caption\":\"International Institute of DAO Deficiency\"},\"image\":{\"@id\":\"https:\/\/www.daodeficiencyinstitute.com\/es\/#\/schema\/logo\/image\/\"},\"sameAs\":[\"https:\/\/www.instagram.com\/daodeficiencyinstitute\/\"]}]}<\/script>\n<!-- \/ Yoast SEO plugin. -->","yoast_head_json":{"title":"Contacto - D\u00e9ficit de DAO","robots":{"index":"index","follow":"follow","max-snippet":"max-snippet:-1","max-image-preview":"max-image-preview:large","max-video-preview":"max-video-preview:-1"},"canonical":"https:\/\/www.daodeficiencyinstitute.com\/es\/contacto\/","og_locale":"es_ES","og_type":"article","og_title":"Contacto - D\u00e9ficit de DAO","og_description":"\u00bfNecesitas m\u00e1s informaci\u00f3n? Escr\u00edbenos y te contestaremos lo antes posible.","og_url":"https:\/\/www.daodeficiencyinstitute.com\/es\/contacto\/","og_site_name":"D\u00e9ficit de DAO","article_modified_time":"2026-02-16T11:40:49+00:00","twitter_card":"summary_large_image","schema":{"@context":"https:\/\/schema.org","@graph":[{"@type":"WebPage","@id":"https:\/\/www.daodeficiencyinstitute.com\/es\/contacto\/","url":"https:\/\/www.daodeficiencyinstitute.com\/es\/contacto\/","name":"Contacto - D\u00e9ficit de DAO","isPartOf":{"@id":"https:\/\/www.daodeficiencyinstitute.com\/es\/#website"},"datePublished":"2025-12-11T11:25:04+00:00","dateModified":"2026-02-16T11:40:49+00:00","breadcrumb":{"@id":"https:\/\/www.daodeficiencyinstitute.com\/es\/contacto\/#breadcrumb"},"inLanguage":"es","potentialAction":[{"@type":"ReadAction","target":["https:\/\/www.daodeficiencyinstitute.com\/es\/contacto\/"]}]},{"@type":"BreadcrumbList","@id":"https:\/\/www.daodeficiencyinstitute.com\/es\/contacto\/#breadcrumb","itemListElement":[{"@type":"ListItem","position":1,"name":"Home","item":"https:\/\/www.daodeficiencyinstitute.com\/es\/"},{"@type":"ListItem","position":2,"name":"Contacto"}]},{"@type":"WebSite","@id":"https:\/\/www.daodeficiencyinstitute.com\/es\/#website","url":"https:\/\/www.daodeficiencyinstitute.com\/es\/","name":"International Institute of DAO deficiency","description":"International Institute of DAO Deficiency","publisher":{"@id":"https:\/\/www.daodeficiencyinstitute.com\/es\/#organization"},"potentialAction":[{"@type":"SearchAction","target":{"@type":"EntryPoint","urlTemplate":"https:\/\/www.daodeficiencyinstitute.com\/es\/?s={search_term_string}"},"query-input":{"@type":"PropertyValueSpecification","valueRequired":true,"valueName":"search_term_string"}}],"inLanguage":"es"},{"@type":"Organization","@id":"https:\/\/www.daodeficiencyinstitute.com\/es\/#organization","name":"International Institute of DAO Deficiency","url":"https:\/\/www.daodeficiencyinstitute.com\/es\/","logo":{"@type":"ImageObject","inLanguage":"es","@id":"https:\/\/www.daodeficiencyinstitute.com\/es\/#\/schema\/logo\/image\/","url":"https:\/\/www.daodeficiencyinstitute.com\/wp-content\/uploads\/dao-institute-logo-1.svg","contentUrl":"https:\/\/www.daodeficiencyinstitute.com\/wp-content\/uploads\/dao-institute-logo-1.svg","caption":"International Institute of DAO Deficiency"},"image":{"@id":"https:\/\/www.daodeficiencyinstitute.com\/es\/#\/schema\/logo\/image\/"},"sameAs":["https:\/\/www.instagram.com\/daodeficiencyinstitute\/"]}]}},"_links":{"self":[{"href":"https:\/\/www.daodeficiencyinstitute.com\/es\/wp-json\/wp\/v2\/pages\/6677","targetHints":{"allow":["GET"]}}],"collection":[{"href":"https:\/\/www.daodeficiencyinstitute.com\/es\/wp-json\/wp\/v2\/pages"}],"about":[{"href":"https:\/\/www.daodeficiencyinstitute.com\/es\/wp-json\/wp\/v2\/types\/page"}],"author":[{"embeddable":true,"href":"https:\/\/www.daodeficiencyinstitute.com\/es\/wp-json\/wp\/v2\/users\/2"}],"replies":[{"embeddable":true,"href":"https:\/\/www.daodeficiencyinstitute.com\/es\/wp-json\/wp\/v2\/comments?post=6677"}],"version-history":[{"count":3,"href":"https:\/\/www.daodeficiencyinstitute.com\/es\/wp-json\/wp\/v2\/pages\/6677\/revisions"}],"predecessor-version":[{"id":6928,"href":"https:\/\/www.daodeficiencyinstitute.com\/es\/wp-json\/wp\/v2\/pages\/6677\/revisions\/6928"}],"wp:attachment":[{"href":"https:\/\/www.daodeficiencyinstitute.com\/es\/wp-json\/wp\/v2\/media?parent=6677"}],"curies":[{"name":"wp","href":"https:\/\/api.w.org\/{rel}","templated":true}]}}