{"id":6600,"date":"2026-01-26T22:22:10","date_gmt":"2026-01-26T21:22:10","guid":{"rendered":"https:\/\/www.daodeficiencyinstitute.com\/perfil\/"},"modified":"2026-02-12T21:00:34","modified_gmt":"2026-02-12T20:00:34","slug":"perfil","status":"publish","type":"page","link":"https:\/\/www.daodeficiencyinstitute.com\/es\/pacientes\/perfil\/","title":{"rendered":"Perfil"},"content":{"rendered":"\t\t<div data-elementor-type=\"wp-page\" data-elementor-id=\"6600\" class=\"elementor elementor-6600 elementor-6044\" data-elementor-post-type=\"page\">\n\t\t\t\t<div class=\"elementor-element elementor-element-914bd59 e-flex e-con-boxed e-con e-parent\" data-id=\"914bd59\" data-element_type=\"container\" data-e-type=\"container\" data-settings=\"{&quot;background_background&quot;:&quot;classic&quot;}\">\n\t\t\t\t\t<div class=\"e-con-inner\">\n\t\t\t\t<div class=\"elementor-element elementor-element-6d62518 elementor-widget elementor-widget-heading\" data-id=\"6d62518\" data-element_type=\"widget\" data-e-type=\"widget\" data-widget_type=\"heading.default\">\n\t\t\t\t\t<h1 class=\"elementor-heading-title elementor-size-default\">Mi cuenta<\/h1>\t\t\t\t<\/div>\n\t\t\t\t\t<\/div>\n\t\t\t\t<\/div>\n\t\t<div class=\"elementor-element elementor-element-864804f e-flex e-con-boxed e-con e-parent\" data-id=\"864804f\" data-element_type=\"container\" data-e-type=\"container\">\n\t\t\t\t\t<div class=\"e-con-inner\">\n\t\t\t\t<div class=\"elementor-element elementor-element-6e08c30 elementor-widget elementor-widget-shortcode\" data-id=\"6e08c30\" data-element_type=\"widget\" data-e-type=\"widget\" data-widget_type=\"shortcode.default\">\n\t\t\t\t\t\t\t<div class=\"elementor-shortcode\"><\/div>\n\t\t\t\t\t\t<\/div>\n\t\t\t\t\t<\/div>\n\t\t\t\t<\/div>\n\t\t\t\t<\/div>\n\t\t","protected":false},"excerpt":{"rendered":"<p>Mi cuenta Atenci\u00f3n Est\u00e1 editando un perfil de paciente. &times; Directorio Mi perfil Mis documentos Citas<\/p>\n","protected":false},"author":2,"featured_media":0,"parent":6642,"menu_order":0,"comment_status":"closed","ping_status":"closed","template":"","meta":{"_acf_changed":false,"_monsterinsights_skip_tracking":false,"_monsterinsights_sitenote_active":false,"_monsterinsights_sitenote_note":"","_monsterinsights_sitenote_category":0,"footnotes":""},"class_list":["post-6600","page","type-page","status-publish","hentry"],"acf":[],"yoast_head":"<!-- This site is optimized with the Yoast SEO plugin v26.9 - https:\/\/yoast.com\/product\/yoast-seo-wordpress\/ -->\n<title>Perfil - D\u00e9ficit de DAO<\/title>\n<meta name=\"robots\" content=\"index, follow, max-snippet:-1, max-image-preview:large, max-video-preview:-1\" \/>\n<link rel=\"canonical\" href=\"https:\/\/www.daodeficiencyinstitute.com\/es\/pacientes\/perfil\/\" \/>\n<meta property=\"og:locale\" content=\"es_ES\" \/>\n<meta property=\"og:type\" content=\"article\" \/>\n<meta property=\"og:title\" content=\"Perfil - D\u00e9ficit de DAO\" \/>\n<meta property=\"og:description\" content=\"Mi cuenta Atenci\u00f3n Est\u00e1 editando un perfil de paciente. &times; Directorio Mi perfil Mis documentos Citas\" \/>\n<meta property=\"og:url\" content=\"https:\/\/www.daodeficiencyinstitute.com\/es\/pacientes\/perfil\/\" \/>\n<meta property=\"og:site_name\" content=\"D\u00e9ficit de DAO\" \/>\n<meta property=\"article:modified_time\" content=\"2026-02-12T20:00:34+00:00\" \/>\n<meta name=\"twitter:card\" content=\"summary_large_image\" \/>\n<script type=\"application\/ld+json\" class=\"yoast-schema-graph\">{\"@context\":\"https:\/\/schema.org\",\"@graph\":[{\"@type\":\"WebPage\",\"@id\":\"https:\/\/www.daodeficiencyinstitute.com\/es\/pacientes\/perfil\/\",\"url\":\"https:\/\/www.daodeficiencyinstitute.com\/es\/pacientes\/perfil\/\",\"name\":\"Perfil - D\u00e9ficit de DAO\",\"isPartOf\":{\"@id\":\"https:\/\/www.daodeficiencyinstitute.com\/es\/#website\"},\"datePublished\":\"2026-01-26T21:22:10+00:00\",\"dateModified\":\"2026-02-12T20:00:34+00:00\",\"breadcrumb\":{\"@id\":\"https:\/\/www.daodeficiencyinstitute.com\/es\/pacientes\/perfil\/#breadcrumb\"},\"inLanguage\":\"es\",\"potentialAction\":[{\"@type\":\"ReadAction\",\"target\":[\"https:\/\/www.daodeficiencyinstitute.com\/es\/pacientes\/perfil\/\"]}]},{\"@type\":\"BreadcrumbList\",\"@id\":\"https:\/\/www.daodeficiencyinstitute.com\/es\/pacientes\/perfil\/#breadcrumb\",\"itemListElement\":[{\"@type\":\"ListItem\",\"position\":1,\"name\":\"Home\",\"item\":\"https:\/\/www.daodeficiencyinstitute.com\/es\/\"},{\"@type\":\"ListItem\",\"position\":2,\"name\":\"Pacientes\",\"item\":\"https:\/\/www.daodeficiencyinstitute.com\/es\/patients\/\"},{\"@type\":\"ListItem\",\"position\":3,\"name\":\"Perfil\"}]},{\"@type\":\"WebSite\",\"@id\":\"https:\/\/www.daodeficiencyinstitute.com\/es\/#website\",\"url\":\"https:\/\/www.daodeficiencyinstitute.com\/es\/\",\"name\":\"International Institute of DAO deficiency\",\"description\":\"International Institute of DAO Deficiency\",\"publisher\":{\"@id\":\"https:\/\/www.daodeficiencyinstitute.com\/es\/#organization\"},\"potentialAction\":[{\"@type\":\"SearchAction\",\"target\":{\"@type\":\"EntryPoint\",\"urlTemplate\":\"https:\/\/www.daodeficiencyinstitute.com\/es\/?s={search_term_string}\"},\"query-input\":{\"@type\":\"PropertyValueSpecification\",\"valueRequired\":true,\"valueName\":\"search_term_string\"}}],\"inLanguage\":\"es\"},{\"@type\":\"Organization\",\"@id\":\"https:\/\/www.daodeficiencyinstitute.com\/es\/#organization\",\"name\":\"International Institute of DAO Deficiency\",\"url\":\"https:\/\/www.daodeficiencyinstitute.com\/es\/\",\"logo\":{\"@type\":\"ImageObject\",\"inLanguage\":\"es\",\"@id\":\"https:\/\/www.daodeficiencyinstitute.com\/es\/#\/schema\/logo\/image\/\",\"url\":\"https:\/\/www.daodeficiencyinstitute.com\/wp-content\/uploads\/dao-institute-logo-1.svg\",\"contentUrl\":\"https:\/\/www.daodeficiencyinstitute.com\/wp-content\/uploads\/dao-institute-logo-1.svg\",\"caption\":\"International Institute of DAO Deficiency\"},\"image\":{\"@id\":\"https:\/\/www.daodeficiencyinstitute.com\/es\/#\/schema\/logo\/image\/\"},\"sameAs\":[\"https:\/\/www.instagram.com\/daodeficiencyinstitute\/\"]}]}<\/script>\n<!-- \/ Yoast SEO plugin. -->","yoast_head_json":{"title":"Perfil - D\u00e9ficit de DAO","robots":{"index":"index","follow":"follow","max-snippet":"max-snippet:-1","max-image-preview":"max-image-preview:large","max-video-preview":"max-video-preview:-1"},"canonical":"https:\/\/www.daodeficiencyinstitute.com\/es\/pacientes\/perfil\/","og_locale":"es_ES","og_type":"article","og_title":"Perfil - D\u00e9ficit de DAO","og_description":"Mi cuenta Atenci\u00f3n Est\u00e1 editando un perfil de paciente. &times; Directorio Mi perfil Mis documentos Citas","og_url":"https:\/\/www.daodeficiencyinstitute.com\/es\/pacientes\/perfil\/","og_site_name":"D\u00e9ficit de DAO","article_modified_time":"2026-02-12T20:00:34+00:00","twitter_card":"summary_large_image","schema":{"@context":"https:\/\/schema.org","@graph":[{"@type":"WebPage","@id":"https:\/\/www.daodeficiencyinstitute.com\/es\/pacientes\/perfil\/","url":"https:\/\/www.daodeficiencyinstitute.com\/es\/pacientes\/perfil\/","name":"Perfil - D\u00e9ficit de DAO","isPartOf":{"@id":"https:\/\/www.daodeficiencyinstitute.com\/es\/#website"},"datePublished":"2026-01-26T21:22:10+00:00","dateModified":"2026-02-12T20:00:34+00:00","breadcrumb":{"@id":"https:\/\/www.daodeficiencyinstitute.com\/es\/pacientes\/perfil\/#breadcrumb"},"inLanguage":"es","potentialAction":[{"@type":"ReadAction","target":["https:\/\/www.daodeficiencyinstitute.com\/es\/pacientes\/perfil\/"]}]},{"@type":"BreadcrumbList","@id":"https:\/\/www.daodeficiencyinstitute.com\/es\/pacientes\/perfil\/#breadcrumb","itemListElement":[{"@type":"ListItem","position":1,"name":"Home","item":"https:\/\/www.daodeficiencyinstitute.com\/es\/"},{"@type":"ListItem","position":2,"name":"Pacientes","item":"https:\/\/www.daodeficiencyinstitute.com\/es\/patients\/"},{"@type":"ListItem","position":3,"name":"Perfil"}]},{"@type":"WebSite","@id":"https:\/\/www.daodeficiencyinstitute.com\/es\/#website","url":"https:\/\/www.daodeficiencyinstitute.com\/es\/","name":"International Institute of DAO deficiency","description":"International Institute of DAO Deficiency","publisher":{"@id":"https:\/\/www.daodeficiencyinstitute.com\/es\/#organization"},"potentialAction":[{"@type":"SearchAction","target":{"@type":"EntryPoint","urlTemplate":"https:\/\/www.daodeficiencyinstitute.com\/es\/?s={search_term_string}"},"query-input":{"@type":"PropertyValueSpecification","valueRequired":true,"valueName":"search_term_string"}}],"inLanguage":"es"},{"@type":"Organization","@id":"https:\/\/www.daodeficiencyinstitute.com\/es\/#organization","name":"International Institute of DAO Deficiency","url":"https:\/\/www.daodeficiencyinstitute.com\/es\/","logo":{"@type":"ImageObject","inLanguage":"es","@id":"https:\/\/www.daodeficiencyinstitute.com\/es\/#\/schema\/logo\/image\/","url":"https:\/\/www.daodeficiencyinstitute.com\/wp-content\/uploads\/dao-institute-logo-1.svg","contentUrl":"https:\/\/www.daodeficiencyinstitute.com\/wp-content\/uploads\/dao-institute-logo-1.svg","caption":"International Institute of DAO Deficiency"},"image":{"@id":"https:\/\/www.daodeficiencyinstitute.com\/es\/#\/schema\/logo\/image\/"},"sameAs":["https:\/\/www.instagram.com\/daodeficiencyinstitute\/"]}]}},"_links":{"self":[{"href":"https:\/\/www.daodeficiencyinstitute.com\/es\/wp-json\/wp\/v2\/pages\/6600","targetHints":{"allow":["GET"]}}],"collection":[{"href":"https:\/\/www.daodeficiencyinstitute.com\/es\/wp-json\/wp\/v2\/pages"}],"about":[{"href":"https:\/\/www.daodeficiencyinstitute.com\/es\/wp-json\/wp\/v2\/types\/page"}],"author":[{"embeddable":true,"href":"https:\/\/www.daodeficiencyinstitute.com\/es\/wp-json\/wp\/v2\/users\/2"}],"replies":[{"embeddable":true,"href":"https:\/\/www.daodeficiencyinstitute.com\/es\/wp-json\/wp\/v2\/comments?post=6600"}],"version-history":[{"count":4,"href":"https:\/\/www.daodeficiencyinstitute.com\/es\/wp-json\/wp\/v2\/pages\/6600\/revisions"}],"predecessor-version":[{"id":6906,"href":"https:\/\/www.daodeficiencyinstitute.com\/es\/wp-json\/wp\/v2\/pages\/6600\/revisions\/6906"}],"up":[{"embeddable":true,"href":"https:\/\/www.daodeficiencyinstitute.com\/es\/wp-json\/wp\/v2\/pages\/6642"}],"wp:attachment":[{"href":"https:\/\/www.daodeficiencyinstitute.com\/es\/wp-json\/wp\/v2\/media?parent=6600"}],"curies":[{"name":"wp","href":"https:\/\/api.w.org\/{rel}","templated":true}]}}